{"id":1656,"date":"2026-04-03T14:14:50","date_gmt":"2026-04-03T11:14:50","guid":{"rendered":"https:\/\/cosmodental.ro\/?post_type=product&#038;p=1656"},"modified":"2026-04-03T14:37:16","modified_gmt":"2026-04-03T11:37:16","slug":"coroana-dentara-pe-implant","status":"publish","type":"product","link":"https:\/\/cosmodental.ro\/en\/product\/coroana-dentara-pe-implant\/","title":{"rendered":"Coroan\u0103 dentar\u0103 pe implant"},"content":{"rendered":"<p class=\"font-claude-response-body break-words whitespace-normal leading-[1.7]\">Coroana dentar\u0103 pe implant este etapa final\u0103 a tratamentului implantologic, transform\u00e2nd implantul \u00eentr-un dinte complet func\u021bional \u0219i estetic. Este solu\u021bia cea mai apropiat\u0103 de un dinte natural.<\/p>\n<p class=\"font-claude-response-body break-words whitespace-normal leading-[1.7]\"><strong>Ce include:<\/strong> Coroana ceramic\u0103 personalizat\u0103 se fixeaz\u0103 pe implantul dentar deja integrat \u00een os, recre\u00e2nd perfect forma, culoarea \u0219i func\u021bia dintelui pierdut.<\/p>\n<p class=\"font-claude-response-body break-words whitespace-normal leading-[1.7]\"><strong>Avantaje:<\/strong><\/p>\n<ul class=\"[li_&amp;]:mb-0 [li_&amp;]:mt-1 [li_&amp;]:gap-1 [&amp;:not(:last-child)_ul]:pb-1 [&amp;:not(:last-child)_ol]:pb-1 list-disc flex flex-col gap-1 pl-8 mb-3\">\n<li class=\"whitespace-normal break-words pl-2\">Aspect 100% natural, identic cu din\u021bii proprii<\/li>\n<li class=\"whitespace-normal break-words pl-2\">Func\u021bionalitate complet\u0103, f\u0103r\u0103 restric\u021bii alimentare<\/li>\n<li class=\"whitespace-normal break-words pl-2\">Durabilitate excep\u021bional\u0103 (10-15+ ani)<\/li>\n<li class=\"whitespace-normal break-words pl-2\">Nu afecteaz\u0103 din\u021bii vecini s\u0103n\u0103to\u0219i<\/li>\n<li class=\"whitespace-normal break-words pl-2\">Igiena simpl\u0103, ca la din\u021bii naturali<\/li>\n<li class=\"whitespace-normal break-words pl-2\">Confort maxim, senza\u021bie de dinte propriu<\/li>\n<\/ul>\n<p class=\"font-claude-response-body break-words whitespace-normal leading-[1.7]\"><strong>Procedura:<\/strong><\/p>\n<ul class=\"[li_&amp;]:mb-0 [li_&amp;]:mt-1 [li_&amp;]:gap-1 [&amp;:not(:last-child)_ul]:pb-1 [&amp;:not(:last-child)_ol]:pb-1 list-disc flex flex-col gap-1 pl-8 mb-3\">\n<li class=\"whitespace-normal break-words pl-2\">Verificare integrare implant (dup\u0103 3-6 luni de la implantare)<\/li>\n<li class=\"whitespace-normal break-words pl-2\">Amprent\u0103 digital\u0103 pentru personalizare<\/li>\n<li class=\"whitespace-normal break-words pl-2\">Confec\u021bionare coroan\u0103 \u00een laborator specializat<\/li>\n<li class=\"whitespace-normal break-words pl-2\">Montare \u0219i ajustare final\u0103<\/li>\n<\/ul>\n","protected":false},"excerpt":{"rendered":"<p>Coroan\u0103 ceramic\u0103 premium montat\u0103 pe implant dentar. Solu\u021bie complet\u0103 pentru \u00eenlocuirea din\u021bilor lipsa &#8211; aspect natural, func\u021bionalitate perfect\u0103, durabilitate pe via\u021b\u0103.<\/p>","protected":false},"featured_media":1382,"comment_status":"open","ping_status":"closed","template":"","meta":{"_acf_changed":false,"_gspb_post_css":"","_themeisle_gutenberg_block_has_review":false},"product_brand":[],"product_cat":[45],"product_tag":[],"class_list":{"0":"post-1656","1":"product","2":"type-product","3":"status-publish","4":"has-post-thumbnail","6":"product_cat-servicii-stomatologice","8":"first","9":"instock","10":"shipping-taxable","11":"purchasable","12":"product-type-simple"},"acf":[],"_links":{"self":[{"href":"https:\/\/cosmodental.ro\/en\/wp-json\/wp\/v2\/product\/1656","targetHints":{"allow":["GET"]}}],"collection":[{"href":"https:\/\/cosmodental.ro\/en\/wp-json\/wp\/v2\/product"}],"about":[{"href":"https:\/\/cosmodental.ro\/en\/wp-json\/wp\/v2\/types\/product"}],"replies":[{"embeddable":true,"href":"https:\/\/cosmodental.ro\/en\/wp-json\/wp\/v2\/comments?post=1656"}],"wp:featuredmedia":[{"embeddable":true,"href":"https:\/\/cosmodental.ro\/en\/wp-json\/wp\/v2\/media\/1382"}],"wp:attachment":[{"href":"https:\/\/cosmodental.ro\/en\/wp-json\/wp\/v2\/media?parent=1656"}],"wp:term":[{"taxonomy":"product_brand","embeddable":true,"href":"https:\/\/cosmodental.ro\/en\/wp-json\/wp\/v2\/product_brand?post=1656"},{"taxonomy":"product_cat","embeddable":true,"href":"https:\/\/cosmodental.ro\/en\/wp-json\/wp\/v2\/product_cat?post=1656"},{"taxonomy":"product_tag","embeddable":true,"href":"https:\/\/cosmodental.ro\/en\/wp-json\/wp\/v2\/product_tag?post=1656"}],"curies":[{"name":"wp","href":"https:\/\/api.w.org\/{rel}","templated":true}]}}