{"id":985,"date":"2025-10-28T15:11:58","date_gmt":"2025-10-28T15:11:58","guid":{"rendered":"https:\/\/cosmodental.ro\/?page_id=985"},"modified":"2025-11-11T14:21:12","modified_gmt":"2025-11-11T14:21:12","slug":"contul-meu","status":"publish","type":"page","link":"https:\/\/cosmodental.ro\/en\/contul-meu\/","title":{"rendered":"Contul meu"},"content":{"rendered":"<div class=\"portal-login-widget\"><a href=\"https:\/\/cosmodental.ro\/en\/login\/\">Login<\/a> | <a href=\"https:\/\/cosmodental.ro\/en\/register\/\">Register<\/a><\/div>\n\n\n<p>Trebuie s\u0103 fii autentificat pentru a accesa aceast\u0103 pagin\u0103.<\/p>","protected":false},"excerpt":{"rendered":"","protected":false},"author":1,"featured_media":0,"parent":0,"menu_order":0,"comment_status":"closed","ping_status":"closed","template":"","meta":{"_acf_changed":false,"_gspb_post_css":"","_themeisle_gutenberg_block_has_review":false,"footnotes":""},"class_list":["post-985","page","type-page","status-publish","hentry"],"blocksy_meta":[],"acf":[],"_links":{"self":[{"href":"https:\/\/cosmodental.ro\/en\/wp-json\/wp\/v2\/pages\/985","targetHints":{"allow":["GET"]}}],"collection":[{"href":"https:\/\/cosmodental.ro\/en\/wp-json\/wp\/v2\/pages"}],"about":[{"href":"https:\/\/cosmodental.ro\/en\/wp-json\/wp\/v2\/types\/page"}],"author":[{"embeddable":true,"href":"https:\/\/cosmodental.ro\/en\/wp-json\/wp\/v2\/users\/1"}],"replies":[{"embeddable":true,"href":"https:\/\/cosmodental.ro\/en\/wp-json\/wp\/v2\/comments?post=985"}],"version-history":[{"count":6,"href":"https:\/\/cosmodental.ro\/en\/wp-json\/wp\/v2\/pages\/985\/revisions"}],"predecessor-version":[{"id":1353,"href":"https:\/\/cosmodental.ro\/en\/wp-json\/wp\/v2\/pages\/985\/revisions\/1353"}],"wp:attachment":[{"href":"https:\/\/cosmodental.ro\/en\/wp-json\/wp\/v2\/media?parent=985"}],"curies":[{"name":"wp","href":"https:\/\/api.w.org\/{rel}","templated":true}]}}