{"id":1010,"date":"2025-10-31T10:54:31","date_gmt":"2025-10-31T10:54:31","guid":{"rendered":"https:\/\/cosmodental.ro\/?page_id=1010"},"modified":"2025-11-11T15:05:26","modified_gmt":"2025-11-11T15:05:26","slug":"programari","status":"publish","type":"page","link":"https:\/\/cosmodental.ro\/en\/programari\/","title":{"rendered":"Program\u0103ri"},"content":{"rendered":"<div class=\"wp-block-cover\"><span aria-hidden=\"true\" class=\"wp-block-cover__background has-palette-color-5-background-color has-background-dim-100 has-background-dim\"><\/span><div class=\"wp-block-cover__inner-container is-layout-constrained wp-block-cover-is-layout-constrained\">\n<p class=\"has-text-align-center has-palette-color-1-color has-text-color has-link-color has-large-font-size wp-elements-0774aca069ebda21ae7ab9b67c2709e5\">F\u0103 o programare online!<\/p>\n\n\n\n<p class=\"has-text-align-center has-palette-color-3-color has-text-color has-link-color wp-elements-5aee9f771bb39de12ba82b5fee895f3f\">Simplu \u0219i rapid. Vei primi detaliile pe email.<\/p>\n\n\n\n<p><\/p>\n\n\n        \n        <div class=\"mas-booking-form-container\">\n            <h5>Programeaz\u0103 o consulta\u021bie simplu \u0219i rapid<\/h5>\n            \n            <form id=\"mas-booking-form\" class=\"mas-booking-form\" action=\"\">\n                <p style=\"color:#999; text-align: center;\">\n                <span style=\"text-decoration: underline\">Important:<\/span>\n                programarea trebuie confirmat\u0103 de c\u0103tre noi, \u0219i nu se va realiza automat. \n                Pentru urgen\u021be, contacteaz\u0103-ne telefonic. \n            <\/p>\n                <div class=\"mas-form-row\">\n                    <div class=\"mas-form-group\">\n                        <label for=\"mas-patient-first-name\">Nume <span class=\"required\">*<\/span><\/label>\n                        <input type=\"text\" id=\"mas-patient-first-name\" name=\"patient_first_name\" value=\"\"\n                            required>\n                    <\/div>\n                    <div class=\"mas-form-group\">\n                        <label for=\"mas-patient-last-name\">Prenume <span class=\"required\">*<\/span><\/label>\n                        <input type=\"text\" id=\"mas-patient-last-name\" name=\"patient_last_name\" value=\"\"\n                            required>\n                    <\/div>\n                <\/div>\n                \n                <div class=\"mas-form-row\">\n                    <div class=\"mas-form-group\">\n                        <label for=\"mas-patient-email\">Email address <span class=\"required\">*<\/span><\/label>\n                        <input type=\"email\" id=\"mas-patient-email\" name=\"patient_email\" value=\"\"\n                            required>\n                    <\/div>\n                    \n                    <div class=\"mas-form-group\">\n                        <label for=\"mas-patient-phone\">Num\u0103rul de telefon <span class=\"required\">*<\/span><\/label>\n                        <input type=\"tel\" id=\"mas-patient-phone\" name=\"patient_phone\" value=\"\"\n                            required>\n                    <\/div>\n                <\/div>\n                \n            <div class=\"mas-form-row\">\n                <div class=\"mas-form-group\">\n                    <label for=\"mas-medic\">Selecteaz\u0103 medicul <span class=\"required\">*<\/span><\/label>\n                    <select id=\"mas-medic\" name=\"medic_id\" required>\n                        <option value=\"\">-- Selecteaz\u0103 medicul --<\/option>\n                        <option value=\"5\" >Sergiu Patarau<\/option><option value=\"2\" >Medic De Proba<\/option>                    <\/select>\n                <\/div>\n            <\/div>\n            \n            <div class=\"mas-form-row\">\n                <div class=\"mas-form-group\">\n                    <label for=\"mas-appointment-date\">Data preferat\u0103 <span class=\"required\">*<\/span><\/label>\n                    <input type=\"text\" \n                           id=\"mas-appointment-date\" \n                           name=\"appointment_date\" \n                           placeholder=\"Selecteaz\u0103 medicul mai \u00eent\u00e2i\" \n                           required>\n                <\/div>\n                \n                <div class=\"mas-form-group\">\n                    <label for=\"mas-appointment-time\">Ora preferat\u0103 <span class=\"required\">*<\/span><\/label>\n                    <select id=\"mas-appointment-time\" name=\"appointment_time\" required disabled>\n                        <option value=\"\">Selecteaz\u0103 mai \u00eent\u00e2i data<\/option>\n                    <\/select>\n                <\/div>\n            <\/div>\n            \n            <div class=\"mas-form-row\">\n                <div class=\"mas-form-group\">\n                    <label for=\"mas-purpose\">Detalii programare <span class=\"required\">*<\/span><\/label>\n                    <textarea id=\"mas-purpose\" name=\"purpose\" rows=\"4\" required><\/textarea>\n                <\/div>\n            <\/div>\n            \n                        \n            <div class=\"mas-form-row\">\n                <div class=\"mas-form-group\">\n                    <button type=\"submit\" class=\"mas-submit-btn\">Trimite Programarea<\/button>\n                <\/div>\n            <\/div>\n            \n            <div id=\"mas-form-message\" class=\"mas-message\" style=\"display: none;\"><\/div>\n        <input type=\"hidden\" name=\"trp-form-language\" value=\"en\"\/><\/form>\n    <\/div>\n    \n    \n<\/div><\/div>\n\n\n\n<p><\/p>","protected":false},"excerpt":{"rendered":"","protected":false},"author":1,"featured_media":0,"parent":0,"menu_order":0,"comment_status":"closed","ping_status":"closed","template":"","meta":{"_acf_changed":false,"_gspb_post_css":"","_themeisle_gutenberg_block_has_review":false,"footnotes":""},"class_list":["post-1010","page","type-page","status-publish","hentry"],"blocksy_meta":[],"acf":[],"_links":{"self":[{"href":"https:\/\/cosmodental.ro\/en\/wp-json\/wp\/v2\/pages\/1010","targetHints":{"allow":["GET"]}}],"collection":[{"href":"https:\/\/cosmodental.ro\/en\/wp-json\/wp\/v2\/pages"}],"about":[{"href":"https:\/\/cosmodental.ro\/en\/wp-json\/wp\/v2\/types\/page"}],"author":[{"embeddable":true,"href":"https:\/\/cosmodental.ro\/en\/wp-json\/wp\/v2\/users\/1"}],"replies":[{"embeddable":true,"href":"https:\/\/cosmodental.ro\/en\/wp-json\/wp\/v2\/comments?post=1010"}],"version-history":[{"count":3,"href":"https:\/\/cosmodental.ro\/en\/wp-json\/wp\/v2\/pages\/1010\/revisions"}],"predecessor-version":[{"id":1356,"href":"https:\/\/cosmodental.ro\/en\/wp-json\/wp\/v2\/pages\/1010\/revisions\/1356"}],"wp:attachment":[{"href":"https:\/\/cosmodental.ro\/en\/wp-json\/wp\/v2\/media?parent=1010"}],"curies":[{"name":"wp","href":"https:\/\/api.w.org\/{rel}","templated":true}]}}